{"id":2024,"date":"2019-12-06T19:34:59","date_gmt":"2019-12-06T18:34:59","guid":{"rendered":"https:\/\/www.musikunterricht-nienstedten.de\/?page_id=2024"},"modified":"2020-03-07T19:17:37","modified_gmt":"2020-03-07T18:17:37","slug":"philosophie","status":"publish","type":"page","link":"https:\/\/www.musikunterricht-nienstedten.de\/?page_id=2024&lang=de","title":{"rendered":"Philosophie"},"content":{"rendered":"\t\t<div data-elementor-type=\"wp-page\" data-elementor-id=\"2024\" class=\"elementor elementor-2024\" data-elementor-post-type=\"page\">\n\t\t\t\t\t\t<section class=\"elementor-section elementor-top-section elementor-element elementor-element-4f6d50b elementor-section-content-middle elementor-section-boxed elementor-section-height-default elementor-section-height-default\" data-id=\"4f6d50b\" data-element_type=\"section\" data-settings=\"{&quot;background_background&quot;:&quot;classic&quot;}\">\n\t\t\t\t\t\t\t<div class=\"elementor-background-overlay\"><\/div>\n\t\t\t\t\t\t\t<div class=\"elementor-container elementor-column-gap-no\">\n\t\t\t\t\t<div class=\"elementor-column elementor-col-33 elementor-top-column elementor-element elementor-element-4a975b6\" data-id=\"4a975b6\" data-element_type=\"column\">\n\t\t\t<div class=\"elementor-widget-wrap\">\n\t\t\t\t\t\t\t<\/div>\n\t\t<\/div>\n\t\t\t\t<div class=\"elementor-column elementor-col-33 elementor-top-column elementor-element elementor-element-18df2d4\" data-id=\"18df2d4\" data-element_type=\"column\">\n\t\t\t<div class=\"elementor-widget-wrap elementor-element-populated\">\n\t\t\t\t\t\t<div class=\"elementor-element elementor-element-f09567e elementor-widget elementor-widget-heading\" data-id=\"f09567e\" data-element_type=\"widget\" data-widget_type=\"heading.default\">\n\t\t\t\t<div class=\"elementor-widget-container\">\n\t\t\t\t\t<h1 class=\"elementor-heading-title elementor-size-default\">Philosphie<\/h1>\t\t\t\t<\/div>\n\t\t\t\t<\/div>\n\t\t\t\t\t<\/div>\n\t\t<\/div>\n\t\t\t\t<div class=\"elementor-column elementor-col-33 elementor-top-column elementor-element elementor-element-d821744\" data-id=\"d821744\" data-element_type=\"column\">\n\t\t\t<div class=\"elementor-widget-wrap elementor-element-populated\">\n\t\t\t\t\t\t<div class=\"elementor-element elementor-element-d7f7d2f elementor-widget elementor-widget-uael-infobox\" data-id=\"d7f7d2f\" data-element_type=\"widget\" data-widget_type=\"uael-infobox.default\">\n\t\t\t\t<div class=\"elementor-widget-container\">\n\t\t\t\t\t\n<div class=\"uael-module-content uael-infobox  uael-infobox-link-type-none\">\n\t<div class=\"uael-infobox-left-right-wrap\">\n\t\t\t\t\t\t<div class=\"uael-infobox-content\">\n\t\t\t\t\t\t<div class='uael-infobox-title-wrap'><\/div>\t\t\t\t\t\t\t\t\t<div class=\"uael-infobox-text-wrap\">\n\t\t\t\t<div class=\"uael-infobox-text elementor-inline-editing\" data-elementor-setting-key=\"infobox_description\" data-elementor-inline-editing-toolbar=\"advanced\">\n\t\t\t\t\t\t\t\t\t<\/div>\n\t\t\t\t\t\n\t\t\t\t\t\t\t<\/div>\n\t\t<\/div>\n\t\t\t<\/div>\n<\/div>\n\t\t\t\t<\/div>\n\t\t\t\t<\/div>\n\t\t\t\t\t<\/div>\n\t\t<\/div>\n\t\t\t\t\t<\/div>\n\t\t<\/section>\n\t\t\t\t<section class=\"elementor-section elementor-top-section elementor-element elementor-element-f38c512 elementor-section-boxed elementor-section-height-default elementor-section-height-default\" data-id=\"f38c512\" data-element_type=\"section\" data-settings=\"{&quot;background_background&quot;:&quot;classic&quot;}\">\n\t\t\t\t\t\t<div class=\"elementor-container elementor-column-gap-default\">\n\t\t\t\t\t<div class=\"elementor-column elementor-col-100 elementor-top-column elementor-element elementor-element-584a4cf6\" data-id=\"584a4cf6\" data-element_type=\"column\">\n\t\t\t<div class=\"elementor-widget-wrap elementor-element-populated\">\n\t\t\t\t\t\t<div class=\"elementor-element elementor-element-10c3c37 elementor-widget elementor-widget-text-editor\" data-id=\"10c3c37\" data-element_type=\"widget\" data-widget_type=\"text-editor.default\">\n\t\t\t\t<div class=\"elementor-widget-container\">\n\t\t\t\t\t\t\t\t\t<p>Ein Musikinstrument erlernt sich weder von allein noch \u00fcber Nacht. Es bedarf eines kontinuierlichen Lernens \u00fcber einen langen Zeitraum. In dieser Zeit entwickelt sich nicht nur die Technik auf dem Instrument, sondern ein vielschichtiges Verst\u00e4ndnis von Musik. Dar\u00fcber hinaus machen wir wichtige Erfahrungen mit uns selbst.<\/p>\t\t\t\t\t\t\t\t<\/div>\n\t\t\t\t<\/div>\n\t\t\t\t\t<\/div>\n\t\t<\/div>\n\t\t\t\t\t<\/div>\n\t\t<\/section>\n\t\t\t\t<section class=\"elementor-section elementor-top-section elementor-element elementor-element-1e8fba7f elementor-section-boxed elementor-section-height-default elementor-section-height-default\" data-id=\"1e8fba7f\" data-element_type=\"section\" data-settings=\"{&quot;background_background&quot;:&quot;classic&quot;}\">\n\t\t\t\t\t\t<div class=\"elementor-container elementor-column-gap-default\">\n\t\t\t\t\t<div class=\"elementor-column elementor-col-100 elementor-top-column elementor-element elementor-element-6bb046ce\" data-id=\"6bb046ce\" data-element_type=\"column\">\n\t\t\t<div class=\"elementor-widget-wrap elementor-element-populated\">\n\t\t\t\t\t\t<div class=\"elementor-element elementor-element-60a3c13a elementor-widget-divider--view-line elementor-widget elementor-widget-divider\" data-id=\"60a3c13a\" data-element_type=\"widget\" data-widget_type=\"divider.default\">\n\t\t\t\t<div class=\"elementor-widget-container\">\n\t\t\t\t\t\t\t<div class=\"elementor-divider\">\n\t\t\t<span class=\"elementor-divider-separator\">\n\t\t\t\t\t\t<\/span>\n\t\t<\/div>\n\t\t\t\t\t\t<\/div>\n\t\t\t\t<\/div>\n\t\t\t\t\t<\/div>\n\t\t<\/div>\n\t\t\t\t\t<\/div>\n\t\t<\/section>\n\t\t\t\t<section class=\"elementor-section elementor-top-section elementor-element elementor-element-2807eed9 elementor-section-boxed elementor-section-height-default elementor-section-height-default\" data-id=\"2807eed9\" data-element_type=\"section\" data-settings=\"{&quot;background_background&quot;:&quot;classic&quot;}\">\n\t\t\t\t\t\t<div class=\"elementor-container elementor-column-gap-default\">\n\t\t\t\t\t<div class=\"elementor-column elementor-col-100 elementor-top-column elementor-element elementor-element-4c28b815\" data-id=\"4c28b815\" data-element_type=\"column\">\n\t\t\t<div class=\"elementor-widget-wrap elementor-element-populated\">\n\t\t\t\t\t\t<section class=\"elementor-section elementor-inner-section elementor-element elementor-element-7f40070e elementor-section-boxed elementor-section-height-default elementor-section-height-default\" data-id=\"7f40070e\" data-element_type=\"section\">\n\t\t\t\t\t\t<div class=\"elementor-container elementor-column-gap-default\">\n\t\t\t\t\t<div class=\"elementor-column elementor-col-50 elementor-inner-column elementor-element elementor-element-7c85b70a\" data-id=\"7c85b70a\" data-element_type=\"column\">\n\t\t\t<div class=\"elementor-widget-wrap elementor-element-populated\">\n\t\t\t\t\t\t<div class=\"elementor-element elementor-element-479f8a98 elementor-widget elementor-widget-image\" data-id=\"479f8a98\" data-element_type=\"widget\" data-widget_type=\"image.default\">\n\t\t\t\t<div class=\"elementor-widget-container\">\n\t\t\t\t\t\t\t\t\t\t\t\t\t\t\t<img decoding=\"async\" width=\"150\" height=\"150\" src=\"https:\/\/www.musikunterricht-nienstedten.de\/wp-content\/uploads\/2019\/12\/star-150x150.jpg\" class=\"attachment-thumbnail size-thumbnail wp-image-2091\" alt=\"\" \/>\t\t\t\t\t\t\t\t\t\t\t\t\t\t\t<\/div>\n\t\t\t\t<\/div>\n\t\t\t\t<div class=\"elementor-element elementor-element-4edebaf1 elementor-widget elementor-widget-heading\" data-id=\"4edebaf1\" data-element_type=\"widget\" data-widget_type=\"heading.default\">\n\t\t\t\t<div class=\"elementor-widget-container\">\n\t\t\t\t\t<h2 class=\"elementor-heading-title elementor-size-default\">Begabung<\/h2>\t\t\t\t<\/div>\n\t\t\t\t<\/div>\n\t\t\t\t<div class=\"elementor-element elementor-element-507a71d8 elementor-widget elementor-widget-text-editor\" data-id=\"507a71d8\" data-element_type=\"widget\" data-widget_type=\"text-editor.default\">\n\t\t\t\t<div class=\"elementor-widget-container\">\n\t\t\t\t\t\t\t\t\t<p>Den Anfang macht die Natur selbst. Eigentlich beschenkt sie jeden in irgendetwas &#8211; mit einem Vorsprung oder sogar Vorteil. Besonders im Fach Musik ist \u201cBegabung\u201d fast etwas Sprichw\u00f6rtliches. Aber auch au\u00dfergew\u00f6hnliche Begabungen sind keine Garantie f\u00fcr den Erfolg. Was wir schon haben, ist sicherlich ein Grund zur Freude, aber die Ausgewogenheit aller F\u00e4higkeiten bedarf sorgf\u00e4ltiger und ausdauernder Pflege. Auch Schw\u00e4chen geh\u00f6ren zum Ganzen dazu und sind kein Grund zur Sorge. Es gibt immer etwas, mit dem man beginnen kann, auch wenn der Weg weiter ist und nicht immer offensichtlich. Ohnehin ist der Weg mit Musik am Ende immer individuell und ganz pers\u00f6nlich.<\/p>\t\t\t\t\t\t\t\t<\/div>\n\t\t\t\t<\/div>\n\t\t\t\t\t<\/div>\n\t\t<\/div>\n\t\t\t\t<div class=\"elementor-column elementor-col-50 elementor-inner-column elementor-element elementor-element-2a7427cd\" data-id=\"2a7427cd\" data-element_type=\"column\">\n\t\t\t<div class=\"elementor-widget-wrap elementor-element-populated\">\n\t\t\t\t\t\t<div class=\"elementor-element elementor-element-592e8960 elementor-widget elementor-widget-image\" data-id=\"592e8960\" data-element_type=\"widget\" data-widget_type=\"image.default\">\n\t\t\t\t<div class=\"elementor-widget-container\">\n\t\t\t\t\t\t\t\t\t\t\t\t\t\t\t<img decoding=\"async\" width=\"150\" height=\"150\" src=\"https:\/\/www.musikunterricht-nienstedten.de\/wp-content\/uploads\/2019\/12\/alarm_clock-150x150.jpg\" class=\"attachment-thumbnail size-thumbnail wp-image-2092\" alt=\"\" \/>\t\t\t\t\t\t\t\t\t\t\t\t\t\t\t<\/div>\n\t\t\t\t<\/div>\n\t\t\t\t<div class=\"elementor-element elementor-element-65728529 elementor-widget elementor-widget-heading\" data-id=\"65728529\" data-element_type=\"widget\" data-widget_type=\"heading.default\">\n\t\t\t\t<div class=\"elementor-widget-container\">\n\t\t\t\t\t<h2 class=\"elementor-heading-title elementor-size-default\">Disziplin<\/h2>\t\t\t\t<\/div>\n\t\t\t\t<\/div>\n\t\t\t\t<div class=\"elementor-element elementor-element-7f8c0b50 elementor-widget elementor-widget-text-editor\" data-id=\"7f8c0b50\" data-element_type=\"widget\" data-widget_type=\"text-editor.default\">\n\t\t\t\t<div class=\"elementor-widget-container\">\n\t\t\t\t\t\t\t\t\t<p>Nicht zu unrecht ist Disziplin das zweite ber\u00fchmte Zauberwort. Ohne sie geht es nicht voran. Zu den Themen geh\u00f6ren z.B. Flei\u00df, Beharrlichkeit, Geduld, Gewissenhaftigkeit, Willensst\u00e4rke, Zielstrebigkeit, Durchsetzungskraft und Eigenverantwortung. Sie werden auch im Erwachsenenalter nicht langweilig, denn wir bilden an ihnen unsere Pers\u00f6nlichkeit weiter. Kinder stehen noch mehr am Anfang eines solchen Weges. Sie brauchen nicht nur Zeit, sondern ebenso verl\u00e4\u00dfliche wie verst\u00e4ndnisvolle Unterst\u00fctzung &#8211; je vielseitiger, desto wirkungsvoller. Lehrer und Eltern sollten im Gespr\u00e4ch sein und mit Interesse, Wohlwollen und Achtsamkeit positive Anreize setzen.<\/p>\t\t\t\t\t\t\t\t<\/div>\n\t\t\t\t<\/div>\n\t\t\t\t\t<\/div>\n\t\t<\/div>\n\t\t\t\t\t<\/div>\n\t\t<\/section>\n\t\t\t\t<section class=\"elementor-section elementor-inner-section elementor-element elementor-element-52240de8 elementor-section-boxed elementor-section-height-default elementor-section-height-default\" data-id=\"52240de8\" data-element_type=\"section\">\n\t\t\t\t\t\t<div class=\"elementor-container elementor-column-gap-default\">\n\t\t\t\t\t<div class=\"elementor-column elementor-col-50 elementor-inner-column elementor-element elementor-element-2e52d92d\" data-id=\"2e52d92d\" data-element_type=\"column\">\n\t\t\t<div class=\"elementor-widget-wrap elementor-element-populated\">\n\t\t\t\t\t\t<div class=\"elementor-element elementor-element-6bcec9eb elementor-widget elementor-widget-image\" data-id=\"6bcec9eb\" data-element_type=\"widget\" data-widget_type=\"image.default\">\n\t\t\t\t<div class=\"elementor-widget-container\">\n\t\t\t\t\t\t\t\t\t\t\t\t\t\t\t<img decoding=\"async\" width=\"150\" height=\"150\" src=\"https:\/\/www.musikunterricht-nienstedten.de\/wp-content\/uploads\/2019\/12\/motivation_w-150x150.jpg\" class=\"attachment-thumbnail size-thumbnail wp-image-2094\" alt=\"\" \/>\t\t\t\t\t\t\t\t\t\t\t\t\t\t\t<\/div>\n\t\t\t\t<\/div>\n\t\t\t\t<div class=\"elementor-element elementor-element-4bfce728 elementor-widget elementor-widget-heading\" data-id=\"4bfce728\" data-element_type=\"widget\" data-widget_type=\"heading.default\">\n\t\t\t\t<div class=\"elementor-widget-container\">\n\t\t\t\t\t<h2 class=\"elementor-heading-title elementor-size-default\">Motivation<\/h2>\t\t\t\t<\/div>\n\t\t\t\t<\/div>\n\t\t\t\t<div class=\"elementor-element elementor-element-1d391a6e elementor-widget elementor-widget-text-editor\" data-id=\"1d391a6e\" data-element_type=\"widget\" data-widget_type=\"text-editor.default\">\n\t\t\t\t<div class=\"elementor-widget-container\">\n\t\t\t\t\t\t\t\t\t<p>F\u00fcr mich das gr\u00f6\u00dfte Thema im Musikunterricht. Hier geht es um die emotionalen Wurzeln, die urspr\u00fcngliche Quelle unseres Wachstums. Sie ist besonders kostbar und verdient daher besondere Aufmerksamkeit. Motivation ist \u00e4hnlich wie ein Samenkorn: aus ihm k\u00f6nnen gro\u00dfe B\u00e4ume hervorgehen, die Jahrhunderte \u00fcberdauern, und \u00e4hnlich wirkt eine tiefe Motivation in unserem Leben. Da wir nicht zu jeder Zeit selbstverst\u00e4ndlich \u00fcber sie verf\u00fcgen k\u00f6nnen, mu\u00df sie gesch\u00fctzt und gepflegt werden. Gl\u00fccklicherweise aber flie\u00dft sie uns aus unterschiedlichen Richtungen zu. Dazu geh\u00f6ren u.a. Neugier, Entdeckergeist, Selbsterfahrung und Selbstfindung, Selbstverwirklichung, Sch\u00f6nheitsempfinden, Ausdrucks- und Kommunikationsbed\u00fcrfnis, soziale Anerkennung und nat\u00fcrlich auch einfach die Lust am Spiel.<\/p>\t\t\t\t\t\t\t\t<\/div>\n\t\t\t\t<\/div>\n\t\t\t\t\t<\/div>\n\t\t<\/div>\n\t\t\t\t<div class=\"elementor-column elementor-col-50 elementor-inner-column elementor-element elementor-element-6344ce1\" data-id=\"6344ce1\" data-element_type=\"column\">\n\t\t\t<div class=\"elementor-widget-wrap elementor-element-populated\">\n\t\t\t\t\t\t<div class=\"elementor-element elementor-element-0dfe165 elementor-widget elementor-widget-image\" data-id=\"0dfe165\" data-element_type=\"widget\" data-widget_type=\"image.default\">\n\t\t\t\t<div class=\"elementor-widget-container\">\n\t\t\t\t\t\t\t\t\t\t\t\t\t\t\t<img loading=\"lazy\" decoding=\"async\" width=\"150\" height=\"150\" src=\"https:\/\/www.musikunterricht-nienstedten.de\/wp-content\/uploads\/2019\/12\/teacher_w-150x150.jpg\" class=\"attachment-thumbnail size-thumbnail wp-image-2095\" alt=\"\" \/>\t\t\t\t\t\t\t\t\t\t\t\t\t\t\t<\/div>\n\t\t\t\t<\/div>\n\t\t\t\t<div class=\"elementor-element elementor-element-7fafedf elementor-widget elementor-widget-heading\" data-id=\"7fafedf\" data-element_type=\"widget\" data-widget_type=\"heading.default\">\n\t\t\t\t<div class=\"elementor-widget-container\">\n\t\t\t\t\t<h2 class=\"elementor-heading-title elementor-size-default\">Aus meiner Sicht<\/h2>\t\t\t\t<\/div>\n\t\t\t\t<\/div>\n\t\t\t\t<div class=\"elementor-element elementor-element-433ad32 elementor-widget elementor-widget-text-editor\" data-id=\"433ad32\" data-element_type=\"widget\" data-widget_type=\"text-editor.default\">\n\t\t\t\t<div class=\"elementor-widget-container\">\n\t\t\t\t\t\t\t\t\t<p>Auch mit guter Ausbildung und viel Erfahrung bleibt das Unterrichten eine erstaunliche Erfahrung. Erkenntnisse sind gewachsen, wieder \u00fcberholt und dann neu geformt worden. Es ist \u00fcberraschend, wie noch immer wichtige Einsichten hinzukommen und die Perspektive f\u00fcr bestehende und k\u00fcnftige Aufgaben verbessern k\u00f6nnen. Ich bin froh die Offenheit und Flexibilit\u00e4t in solch einem Lernweg zu erfahren. Besondere Freude bereitet mir der lebendige Unterrichtsdialog. Respekt und Anteilnahme schaffen Vertrauen und das faszinierende&nbsp; Thema Musik ist eine unendliche Quelle neuer Gedanken. Die Herausforderungen immer wieder richtig abzustimmen ist mir ein ganz besonderes Anliegen. Qualit\u00e4t und individuelles Lerntempo werte ich dabei h\u00f6her als Leistungsdruck und Showeffekt.<\/p><br>\t\t\t\t\t\t\t\t<\/div>\n\t\t\t\t<\/div>\n\t\t\t\t\t<\/div>\n\t\t<\/div>\n\t\t\t\t\t<\/div>\n\t\t<\/section>\n\t\t\t\t\t<\/div>\n\t\t<\/div>\n\t\t\t\t\t<\/div>\n\t\t<\/section>\n\t\t\t\t<\/div>\n\t\t","protected":false},"excerpt":{"rendered":"<p>Philosphie Ein Musikinstrument erlernt sich weder von allein noch \u00fcber Nacht. Es bedarf eines kontinuierlichen Lernens \u00fcber einen langen Zeitraum. In dieser Zeit entwickelt sich nicht nur die Technik auf dem Instrument, sondern ein vielschichtiges Verst\u00e4ndnis von Musik. Dar\u00fcber hinaus machen wir wichtige Erfahrungen mit uns selbst. Begabung Den Anfang macht die Natur selbst. Eigentlich [&hellip;]<\/p>\n","protected":false},"author":1,"featured_media":0,"parent":0,"menu_order":0,"comment_status":"closed","ping_status":"closed","template":"","meta":{"site-sidebar-layout":"no-sidebar","site-content-layout":"page-builder","ast-site-content-layout":"default","site-content-style":"default","site-sidebar-style":"default","ast-global-header-display":"","ast-banner-title-visibility":"","ast-main-header-display":"","ast-hfb-above-header-display":"","ast-hfb-below-header-display":"","ast-hfb-mobile-header-display":"","site-post-title":"disabled","ast-breadcrumbs-content":"disabled","ast-featured-img":"disabled","footer-sml-layout":"","theme-transparent-header-meta":"enabled","adv-header-id-meta":"","stick-header-meta":"default","header-above-stick-meta":"","header-main-stick-meta":"","header-below-stick-meta":"","astra-migrate-meta-layouts":"default","ast-page-background-enabled":"default","ast-page-background-meta":{"desktop":{"background-color":"","background-image":"","background-repeat":"repeat","background-position":"center center","background-size":"auto","background-attachment":"scroll","background-type":"","background-media":"","overlay-type":"","overlay-color":"","overlay-opacity":"","overlay-gradient":""},"tablet":{"background-color":"","background-image":"","background-repeat":"repeat","background-position":"center center","background-size":"auto","background-attachment":"scroll","background-type":"","background-media":"","overlay-type":"","overlay-color":"","overlay-opacity":"","overlay-gradient":""},"mobile":{"background-color":"","background-image":"","background-repeat":"repeat","background-position":"center center","background-size":"auto","background-attachment":"scroll","background-type":"","background-media":"","overlay-type":"","overlay-color":"","overlay-opacity":"","overlay-gradient":""}},"ast-content-background-meta":{"desktop":{"background-color":"var(--ast-global-color-5)","background-image":"","background-repeat":"repeat","background-position":"center center","background-size":"auto","background-attachment":"scroll","background-type":"","background-media":"","overlay-type":"","overlay-color":"","overlay-opacity":"","overlay-gradient":""},"tablet":{"background-color":"var(--ast-global-color-5)","background-image":"","background-repeat":"repeat","background-position":"center center","background-size":"auto","background-attachment":"scroll","background-type":"","background-media":"","overlay-type":"","overlay-color":"","overlay-opacity":"","overlay-gradient":""},"mobile":{"background-color":"var(--ast-global-color-5)","background-image":"","background-repeat":"repeat","background-position":"center center","background-size":"auto","background-attachment":"scroll","background-type":"","background-media":"","overlay-type":"","overlay-color":"","overlay-opacity":"","overlay-gradient":""}},"footnotes":""},"class_list":["post-2024","page","type-page","status-publish","hentry"],"_links":{"self":[{"href":"https:\/\/www.musikunterricht-nienstedten.de\/index.php?rest_route=\/wp\/v2\/pages\/2024","targetHints":{"allow":["GET"]}}],"collection":[{"href":"https:\/\/www.musikunterricht-nienstedten.de\/index.php?rest_route=\/wp\/v2\/pages"}],"about":[{"href":"https:\/\/www.musikunterricht-nienstedten.de\/index.php?rest_route=\/wp\/v2\/types\/page"}],"author":[{"embeddable":true,"href":"https:\/\/www.musikunterricht-nienstedten.de\/index.php?rest_route=\/wp\/v2\/users\/1"}],"replies":[{"embeddable":true,"href":"https:\/\/www.musikunterricht-nienstedten.de\/index.php?rest_route=%2Fwp%2Fv2%2Fcomments&post=2024"}],"version-history":[{"count":10,"href":"https:\/\/www.musikunterricht-nienstedten.de\/index.php?rest_route=\/wp\/v2\/pages\/2024\/revisions"}],"predecessor-version":[{"id":2203,"href":"https:\/\/www.musikunterricht-nienstedten.de\/index.php?rest_route=\/wp\/v2\/pages\/2024\/revisions\/2203"}],"wp:attachment":[{"href":"https:\/\/www.musikunterricht-nienstedten.de\/index.php?rest_route=%2Fwp%2Fv2%2Fmedia&parent=2024"}],"curies":[{"name":"wp","href":"https:\/\/api.w.org\/{rel}","templated":true}]}}