{"id":1806,"date":"2019-11-30T00:22:36","date_gmt":"2019-11-29T23:22:36","guid":{"rendered":"https:\/\/www.musikunterricht-nienstedten.de\/?page_id=1806"},"modified":"2019-12-06T00:27:00","modified_gmt":"2019-12-05T23:27:00","slug":"sub-subjects-de","status":"publish","type":"page","link":"https:\/\/www.musikunterricht-nienstedten.de\/?page_id=1806&lang=de","title":{"rendered":"Nebenf\u00e4cher"},"content":{"rendered":"\t\t<div data-elementor-type=\"wp-page\" data-elementor-id=\"1806\" class=\"elementor elementor-1806\" data-elementor-post-type=\"page\">\n\t\t\t\t\t\t<section class=\"elementor-section elementor-top-section elementor-element elementor-element-4f6d50b elementor-section-content-middle elementor-section-boxed elementor-section-height-default elementor-section-height-default\" data-id=\"4f6d50b\" data-element_type=\"section\" data-settings=\"{&quot;background_background&quot;:&quot;classic&quot;}\">\n\t\t\t\t\t\t\t<div class=\"elementor-background-overlay\"><\/div>\n\t\t\t\t\t\t\t<div class=\"elementor-container elementor-column-gap-no\">\n\t\t\t\t\t<div class=\"elementor-column elementor-col-33 elementor-top-column elementor-element elementor-element-efb61b3\" data-id=\"efb61b3\" data-element_type=\"column\">\n\t\t\t<div class=\"elementor-widget-wrap\">\n\t\t\t\t\t\t\t<\/div>\n\t\t<\/div>\n\t\t\t\t<div class=\"elementor-column elementor-col-33 elementor-top-column elementor-element elementor-element-18df2d4\" data-id=\"18df2d4\" data-element_type=\"column\">\n\t\t\t<div class=\"elementor-widget-wrap elementor-element-populated\">\n\t\t\t\t\t\t<div class=\"elementor-element elementor-element-f09567e elementor-widget elementor-widget-heading\" data-id=\"f09567e\" data-element_type=\"widget\" data-widget_type=\"heading.default\">\n\t\t\t\t<div class=\"elementor-widget-container\">\n\t\t\t\t\t<h1 class=\"elementor-heading-title elementor-size-default\">Neben-<br>f\u00e4cher<\/h1>\t\t\t\t<\/div>\n\t\t\t\t<\/div>\n\t\t\t\t\t<\/div>\n\t\t<\/div>\n\t\t\t\t<div class=\"elementor-column elementor-col-33 elementor-top-column elementor-element elementor-element-bf7ff53\" data-id=\"bf7ff53\" data-element_type=\"column\">\n\t\t\t<div class=\"elementor-widget-wrap\">\n\t\t\t\t\t\t\t<\/div>\n\t\t<\/div>\n\t\t\t\t\t<\/div>\n\t\t<\/section>\n\t\t\t\t<section class=\"elementor-section elementor-top-section elementor-element elementor-element-1c2a1d20 elementor-section-boxed elementor-section-height-default elementor-section-height-default\" data-id=\"1c2a1d20\" data-element_type=\"section\" data-settings=\"{&quot;background_background&quot;:&quot;classic&quot;}\">\n\t\t\t\t\t\t<div class=\"elementor-container elementor-column-gap-default\">\n\t\t\t\t\t<div class=\"elementor-column elementor-col-100 elementor-top-column elementor-element elementor-element-5add8cbe\" data-id=\"5add8cbe\" data-element_type=\"column\">\n\t\t\t<div class=\"elementor-widget-wrap elementor-element-populated\">\n\t\t\t\t\t\t<div class=\"elementor-element elementor-element-12625d05 elementor-widget elementor-widget-text-editor\" data-id=\"12625d05\" data-element_type=\"widget\" data-widget_type=\"text-editor.default\">\n\t\t\t\t<div class=\"elementor-widget-container\">\n\t\t\t\t\t\t\t\t\t<p>Bei der Musik geht es nicht nur darum, Tasten auf dem Klavier zu dr\u00fccken, sondern um eine immense Vielfalt. . Nat\u00fcrlich kann man nicht alles auf einmal lernen, aber leider werden Teile, die bei genauerer Betrachtung viel mehr Aufmerksamkeit verdienen, oft vernachl\u00e4ssigt. Es gibt keine schlechten Absichten. Das Problem ist vielmehr der Zeitmangel im Ausbildungssystem. Die Folgen sind jedoch gravierend.<\/p><p>Ein besonders wichtiges Beispiel ist das Thema Geh\u00f6rtraining. Gutes H\u00f6ren ist unbestreitbar eine Grundfertigkeit f\u00fcr jede Besch\u00e4ftigung mit Musik, besonders bei der aktiven Aus\u00fcbung. Ein Pianist mu\u00df z.B. identifizieren k\u00f6nnen, was die linke Hand spielt, denn sie macht mehr als ein angenehmes Ger\u00e4usch! Und diese F\u00e4higkeit braucht aktive \u00dcbung! Warum erst dann mit dem H\u00f6rtraining beginnen (wenn \u00fcberhaupt), wenn das erste Jahrzehnt in der Dunkelheit der Unwissenheit vorbei ist?<\/p><p>Ein weiteres Beispiel: jeder Jazzlehrer erw\u00e4hnt, dass ein kontinuierliches H\u00f6ren von Jazz eine wichtige Voraussetzung f\u00fcr das Erlernen dieser Musikrichtung ist. Es ist selbsterkl\u00e4rend, dass sich dieses Prinzip auf jeden anderen Stil \u00fcbertragen l\u00e4sst.\u00a0 Wie ernst nehmen wir es?<\/p><p>Nat\u00fcrlich kannst du ein kleines klassisches St\u00fcck am Klavier lernen, auch wenn du nichts \u00fcber den Stil wei\u00dft. <\/p><p>Aber es ist ein wenig \u00e4hnlich, als ob ich ein chinesisches Gedicht lernen w\u00fcrde, ohne etwas aus der Sprache zu verstehen. Ich frage mich, wie viele Gedichte ich unter dieser Bedingung durchhalten w\u00fcrde und ob mir der Job gefallen w\u00fcrde! &#8211; <\/p><p>Es gibt also mehr als nur zu \u00fcben! Ich k\u00f6nnte Dich mit Empfehlungen unterst\u00fctzen und begr\u00fc\u00dfe Deine Initiative!<\/p>\t\t\t\t\t\t\t\t<\/div>\n\t\t\t\t<\/div>\n\t\t\t\t\t<\/div>\n\t\t<\/div>\n\t\t\t\t\t<\/div>\n\t\t<\/section>\n\t\t\t\t<section class=\"elementor-section elementor-top-section elementor-element elementor-element-580b5ea9 elementor-section-boxed elementor-section-height-default elementor-section-height-default\" data-id=\"580b5ea9\" data-element_type=\"section\" data-settings=\"{&quot;background_background&quot;:&quot;classic&quot;}\">\n\t\t\t\t\t\t<div class=\"elementor-container elementor-column-gap-default\">\n\t\t\t\t\t<div class=\"elementor-column elementor-col-100 elementor-top-column elementor-element elementor-element-70f66025\" data-id=\"70f66025\" data-element_type=\"column\">\n\t\t\t<div class=\"elementor-widget-wrap elementor-element-populated\">\n\t\t\t\t\t\t<div class=\"elementor-element elementor-element-146d1439 elementor-widget-divider--view-line elementor-widget elementor-widget-divider\" data-id=\"146d1439\" data-element_type=\"widget\" data-widget_type=\"divider.default\">\n\t\t\t\t<div class=\"elementor-widget-container\">\n\t\t\t\t\t\t\t<div class=\"elementor-divider\">\n\t\t\t<span class=\"elementor-divider-separator\">\n\t\t\t\t\t\t<\/span>\n\t\t<\/div>\n\t\t\t\t\t\t<\/div>\n\t\t\t\t<\/div>\n\t\t\t\t\t<\/div>\n\t\t<\/div>\n\t\t\t\t\t<\/div>\n\t\t<\/section>\n\t\t\t\t<section class=\"elementor-section elementor-top-section elementor-element elementor-element-66e5d81e elementor-section-boxed elementor-section-height-default elementor-section-height-default\" data-id=\"66e5d81e\" data-element_type=\"section\" data-settings=\"{&quot;background_background&quot;:&quot;classic&quot;}\">\n\t\t\t\t\t\t<div class=\"elementor-container elementor-column-gap-default\">\n\t\t\t\t\t<div class=\"elementor-column elementor-col-100 elementor-top-column elementor-element elementor-element-3c7367eb\" data-id=\"3c7367eb\" data-element_type=\"column\">\n\t\t\t<div class=\"elementor-widget-wrap elementor-element-populated\">\n\t\t\t\t\t\t<div class=\"elementor-element elementor-element-36c9265e elementor-widget elementor-widget-heading\" data-id=\"36c9265e\" data-element_type=\"widget\" data-widget_type=\"heading.default\">\n\t\t\t\t<div class=\"elementor-widget-container\">\n\t\t\t\t\t<h6 class=\"elementor-heading-title elementor-size-default\">... weitere Inhalte in Vorbereitung ...<\/h6>\t\t\t\t<\/div>\n\t\t\t\t<\/div>\n\t\t\t\t\t<\/div>\n\t\t<\/div>\n\t\t\t\t\t<\/div>\n\t\t<\/section>\n\t\t\t\t<\/div>\n\t\t","protected":false},"excerpt":{"rendered":"<p>Neben-f\u00e4cher Bei der Musik geht es nicht nur darum, Tasten auf dem Klavier zu dr\u00fccken, sondern um eine immense Vielfalt. . Nat\u00fcrlich kann man nicht alles auf einmal lernen, aber leider werden Teile, die bei genauerer Betrachtung viel mehr Aufmerksamkeit verdienen, oft vernachl\u00e4ssigt. Es gibt keine schlechten Absichten. Das Problem ist vielmehr der Zeitmangel im [&hellip;]<\/p>\n","protected":false},"author":1,"featured_media":0,"parent":0,"menu_order":0,"comment_status":"closed","ping_status":"closed","template":"","meta":{"site-sidebar-layout":"no-sidebar","site-content-layout":"page-builder","ast-site-content-layout":"default","site-content-style":"default","site-sidebar-style":"default","ast-global-header-display":"","ast-banner-title-visibility":"","ast-main-header-display":"","ast-hfb-above-header-display":"","ast-hfb-below-header-display":"","ast-hfb-mobile-header-display":"","site-post-title":"disabled","ast-breadcrumbs-content":"disabled","ast-featured-img":"disabled","footer-sml-layout":"","theme-transparent-header-meta":"enabled","adv-header-id-meta":"","stick-header-meta":"default","header-above-stick-meta":"","header-main-stick-meta":"","header-below-stick-meta":"","astra-migrate-meta-layouts":"default","ast-page-background-enabled":"default","ast-page-background-meta":{"desktop":{"background-color":"","background-image":"","background-repeat":"repeat","background-position":"center center","background-size":"auto","background-attachment":"scroll","background-type":"","background-media":"","overlay-type":"","overlay-color":"","overlay-opacity":"","overlay-gradient":""},"tablet":{"background-color":"","background-image":"","background-repeat":"repeat","background-position":"center center","background-size":"auto","background-attachment":"scroll","background-type":"","background-media":"","overlay-type":"","overlay-color":"","overlay-opacity":"","overlay-gradient":""},"mobile":{"background-color":"","background-image":"","background-repeat":"repeat","background-position":"center center","background-size":"auto","background-attachment":"scroll","background-type":"","background-media":"","overlay-type":"","overlay-color":"","overlay-opacity":"","overlay-gradient":""}},"ast-content-background-meta":{"desktop":{"background-color":"var(--ast-global-color-5)","background-image":"","background-repeat":"repeat","background-position":"center center","background-size":"auto","background-attachment":"scroll","background-type":"","background-media":"","overlay-type":"","overlay-color":"","overlay-opacity":"","overlay-gradient":""},"tablet":{"background-color":"var(--ast-global-color-5)","background-image":"","background-repeat":"repeat","background-position":"center center","background-size":"auto","background-attachment":"scroll","background-type":"","background-media":"","overlay-type":"","overlay-color":"","overlay-opacity":"","overlay-gradient":""},"mobile":{"background-color":"var(--ast-global-color-5)","background-image":"","background-repeat":"repeat","background-position":"center center","background-size":"auto","background-attachment":"scroll","background-type":"","background-media":"","overlay-type":"","overlay-color":"","overlay-opacity":"","overlay-gradient":""}},"footnotes":""},"class_list":["post-1806","page","type-page","status-publish","hentry"],"_links":{"self":[{"href":"https:\/\/www.musikunterricht-nienstedten.de\/index.php?rest_route=\/wp\/v2\/pages\/1806","targetHints":{"allow":["GET"]}}],"collection":[{"href":"https:\/\/www.musikunterricht-nienstedten.de\/index.php?rest_route=\/wp\/v2\/pages"}],"about":[{"href":"https:\/\/www.musikunterricht-nienstedten.de\/index.php?rest_route=\/wp\/v2\/types\/page"}],"author":[{"embeddable":true,"href":"https:\/\/www.musikunterricht-nienstedten.de\/index.php?rest_route=\/wp\/v2\/users\/1"}],"replies":[{"embeddable":true,"href":"https:\/\/www.musikunterricht-nienstedten.de\/index.php?rest_route=%2Fwp%2Fv2%2Fcomments&post=1806"}],"version-history":[{"count":10,"href":"https:\/\/www.musikunterricht-nienstedten.de\/index.php?rest_route=\/wp\/v2\/pages\/1806\/revisions"}],"predecessor-version":[{"id":1986,"href":"https:\/\/www.musikunterricht-nienstedten.de\/index.php?rest_route=\/wp\/v2\/pages\/1806\/revisions\/1986"}],"wp:attachment":[{"href":"https:\/\/www.musikunterricht-nienstedten.de\/index.php?rest_route=%2Fwp%2Fv2%2Fmedia&parent=1806"}],"curies":[{"name":"wp","href":"https:\/\/api.w.org\/{rel}","templated":true}]}}