{"id":1719,"date":"2019-11-29T00:30:13","date_gmt":"2019-11-28T23:30:13","guid":{"rendered":"https:\/\/www.musikunterricht-nienstedten.de\/?page_id=1719"},"modified":"2020-03-24T22:20:05","modified_gmt":"2020-03-24T21:20:05","slug":"conditions-de","status":"publish","type":"page","link":"https:\/\/www.musikunterricht-nienstedten.de\/?page_id=1719&lang=de","title":{"rendered":"Bedingungen"},"content":{"rendered":"\t\t<div data-elementor-type=\"wp-page\" data-elementor-id=\"1719\" class=\"elementor elementor-1719\" data-elementor-post-type=\"page\">\n\t\t\t\t\t\t<section class=\"elementor-section elementor-top-section elementor-element elementor-element-4f6d50b elementor-section-content-middle elementor-section-boxed elementor-section-height-default elementor-section-height-default\" data-id=\"4f6d50b\" data-element_type=\"section\" data-settings=\"{&quot;background_background&quot;:&quot;classic&quot;}\">\n\t\t\t\t\t\t\t<div class=\"elementor-background-overlay\"><\/div>\n\t\t\t\t\t\t\t<div class=\"elementor-container elementor-column-gap-no\">\n\t\t\t\t\t<div class=\"elementor-column elementor-col-33 elementor-top-column elementor-element elementor-element-4a975b6\" data-id=\"4a975b6\" data-element_type=\"column\">\n\t\t\t<div class=\"elementor-widget-wrap\">\n\t\t\t\t\t\t\t<\/div>\n\t\t<\/div>\n\t\t\t\t<div class=\"elementor-column elementor-col-33 elementor-top-column elementor-element elementor-element-18df2d4\" data-id=\"18df2d4\" data-element_type=\"column\">\n\t\t\t<div class=\"elementor-widget-wrap elementor-element-populated\">\n\t\t\t\t\t\t<div class=\"elementor-element elementor-element-f09567e elementor-widget elementor-widget-heading\" data-id=\"f09567e\" data-element_type=\"widget\" data-widget_type=\"heading.default\">\n\t\t\t\t<div class=\"elementor-widget-container\">\n\t\t\t\t\t<h1 class=\"elementor-heading-title elementor-size-default\">Bedingungen<\/h1>\t\t\t\t<\/div>\n\t\t\t\t<\/div>\n\t\t\t\t\t<\/div>\n\t\t<\/div>\n\t\t\t\t<div class=\"elementor-column elementor-col-33 elementor-top-column elementor-element elementor-element-d821744\" data-id=\"d821744\" data-element_type=\"column\">\n\t\t\t<div class=\"elementor-widget-wrap elementor-element-populated\">\n\t\t\t\t\t\t<div class=\"elementor-element elementor-element-d7f7d2f elementor-widget elementor-widget-uael-infobox\" data-id=\"d7f7d2f\" data-element_type=\"widget\" data-widget_type=\"uael-infobox.default\">\n\t\t\t\t<div class=\"elementor-widget-container\">\n\t\t\t\t\t\n<div class=\"uael-module-content uael-infobox  uael-infobox-link-type-none\">\n\t<div class=\"uael-infobox-left-right-wrap\">\n\t\t\t\t\t\t<div class=\"uael-infobox-content\">\n\t\t\t\t\t\t<div class='uael-infobox-title-wrap'><\/div>\t\t\t\t\t\t\t\t\t<div class=\"uael-infobox-text-wrap\">\n\t\t\t\t<div class=\"uael-infobox-text elementor-inline-editing\" data-elementor-setting-key=\"infobox_description\" data-elementor-inline-editing-toolbar=\"advanced\">\n\t\t\t\t\t\t\t\t\t<\/div>\n\t\t\t\t\t\n\t\t\t\t\t\t\t<\/div>\n\t\t<\/div>\n\t\t\t<\/div>\n<\/div>\n\t\t\t\t<\/div>\n\t\t\t\t<\/div>\n\t\t\t\t\t<\/div>\n\t\t<\/div>\n\t\t\t\t\t<\/div>\n\t\t<\/section>\n\t\t\t\t<section class=\"elementor-section elementor-top-section elementor-element elementor-element-f38c512 elementor-section-boxed elementor-section-height-default elementor-section-height-default\" data-id=\"f38c512\" data-element_type=\"section\" data-settings=\"{&quot;background_background&quot;:&quot;classic&quot;}\">\n\t\t\t\t\t\t<div class=\"elementor-container elementor-column-gap-default\">\n\t\t\t\t\t<div class=\"elementor-column elementor-col-100 elementor-top-column elementor-element elementor-element-584a4cf6\" data-id=\"584a4cf6\" data-element_type=\"column\">\n\t\t\t<div class=\"elementor-widget-wrap elementor-element-populated\">\n\t\t\t\t\t\t<div class=\"elementor-element elementor-element-3a17b85 elementor-widget elementor-widget-heading\" data-id=\"3a17b85\" data-element_type=\"widget\" data-widget_type=\"heading.default\">\n\t\t\t\t<div class=\"elementor-widget-container\">\n\t\t\t\t\t<h2 class=\"elementor-heading-title elementor-size-default\">\u00dcberblick<\/h2>\t\t\t\t<\/div>\n\t\t\t\t<\/div>\n\t\t\t\t<div class=\"elementor-element elementor-element-10c3c37 elementor-widget elementor-widget-text-editor\" data-id=\"10c3c37\" data-element_type=\"widget\" data-widget_type=\"text-editor.default\">\n\t\t\t\t<div class=\"elementor-widget-container\">\n\t\t\t\t\t\t\t\t\t<ul>\n<li>Mein Unterricht richtet sich an Kinder und Erwachsene.<\/li>\n<li>Die Erfahrung zeigt, dass der Schulanfang f\u00fcr Kinder ein gutes Anfangsalter ist, in einigen F\u00e4llen etwas fr\u00fcher.<\/li>\n<li>F\u00fcr Erwachsene gibt es keine festen Regeln. Die Liebe zum Thema und eine vertrauensvolle Kommunikation w\u00e4hrend des Unterrichts sind entscheidend. Das gilt auch f\u00fcr Kinder.<\/li>\n<li>Unter normalen Umst\u00e4nden findet der Unterricht in der Regel bei dir zu Hause in Nienstedten, Blankenese, Osdorf, Othmarschen statt &#8230;. Bestimmte Zeiten w\u00fcrden bei mir vor Ort verf\u00fcgbar sein.<\/li>\n<li>Online Unterricht ist in diesen Tagen \u00fcberraschend zum Standart geworden. Mit einer guten technischen Vorbereitung und t\u00e4glich wachsender Erfahrung gl\u00fccklicherweise kein Problem..<\/li>\n<li>Im Standarttarif ist eine monatliche Zahlung \u00fcblich. Sie bezieht sich auf 45 Minuten pro Woche, bei wenigstens 38 Unterrichtsstunden j\u00e4hrlich. Familien erhalten Rabatt, wenn die Termine zu einem Doppeltermin zusammengefasst werden.<\/li>\n<li>Andere Vereinbarungen nach Bedarf.<\/li>\n<li>Die Vereinbarungen k\u00f6nnen mit einem Vertrag des Deutschen Musikvereins (dtkv) festgelegt werden.<\/li>\n<li>Ich unterrichte auf Deutsch und Englisch.<\/li>\n<\/ul>\t\t\t\t\t\t\t\t<\/div>\n\t\t\t\t<\/div>\n\t\t\t\t\t<\/div>\n\t\t<\/div>\n\t\t\t\t\t<\/div>\n\t\t<\/section>\n\t\t\t\t<section class=\"elementor-section elementor-top-section elementor-element elementor-element-1ab5f4c0 elementor-section-boxed elementor-section-height-default elementor-section-height-default\" data-id=\"1ab5f4c0\" data-element_type=\"section\" data-settings=\"{&quot;background_background&quot;:&quot;classic&quot;}\">\n\t\t\t\t\t\t<div class=\"elementor-container elementor-column-gap-default\">\n\t\t\t\t\t<div class=\"elementor-column elementor-col-100 elementor-top-column elementor-element elementor-element-11a938db\" data-id=\"11a938db\" data-element_type=\"column\">\n\t\t\t<div class=\"elementor-widget-wrap elementor-element-populated\">\n\t\t\t\t\t\t<div class=\"elementor-element elementor-element-4e0f1863 elementor-widget-divider--view-line elementor-widget elementor-widget-divider\" data-id=\"4e0f1863\" data-element_type=\"widget\" data-widget_type=\"divider.default\">\n\t\t\t\t<div class=\"elementor-widget-container\">\n\t\t\t\t\t\t\t<div class=\"elementor-divider\">\n\t\t\t<span class=\"elementor-divider-separator\">\n\t\t\t\t\t\t<\/span>\n\t\t<\/div>\n\t\t\t\t\t\t<\/div>\n\t\t\t\t<\/div>\n\t\t\t\t\t<\/div>\n\t\t<\/div>\n\t\t\t\t\t<\/div>\n\t\t<\/section>\n\t\t\t\t<section class=\"elementor-section elementor-top-section elementor-element elementor-element-2807eed9 elementor-section-boxed elementor-section-height-default elementor-section-height-default\" data-id=\"2807eed9\" data-element_type=\"section\" data-settings=\"{&quot;background_background&quot;:&quot;classic&quot;}\">\n\t\t\t\t\t\t<div class=\"elementor-container elementor-column-gap-default\">\n\t\t\t\t\t<div class=\"elementor-column elementor-col-100 elementor-top-column elementor-element elementor-element-4c28b815\" data-id=\"4c28b815\" data-element_type=\"column\">\n\t\t\t<div class=\"elementor-widget-wrap elementor-element-populated\">\n\t\t\t\t\t\t<section class=\"elementor-section elementor-inner-section elementor-element elementor-element-7f40070e elementor-section-boxed elementor-section-height-default elementor-section-height-default\" data-id=\"7f40070e\" data-element_type=\"section\">\n\t\t\t\t\t\t<div class=\"elementor-container elementor-column-gap-default\">\n\t\t\t\t\t<div class=\"elementor-column elementor-col-50 elementor-inner-column elementor-element elementor-element-7c85b70a\" data-id=\"7c85b70a\" data-element_type=\"column\">\n\t\t\t<div class=\"elementor-widget-wrap elementor-element-populated\">\n\t\t\t\t\t\t<div class=\"elementor-element elementor-element-479f8a98 elementor-widget elementor-widget-image\" data-id=\"479f8a98\" data-element_type=\"widget\" data-widget_type=\"image.default\">\n\t\t\t\t<div class=\"elementor-widget-container\">\n\t\t\t\t\t\t\t\t\t\t\t\t\t\t\t<img decoding=\"async\" width=\"150\" height=\"150\" src=\"https:\/\/www.musikunterricht-nienstedten.de\/wp-content\/uploads\/2019\/12\/mo_w-150x150.jpg\" class=\"attachment-thumbnail size-thumbnail wp-image-2090\" alt=\"\" \/>\t\t\t\t\t\t\t\t\t\t\t\t\t\t\t<\/div>\n\t\t\t\t<\/div>\n\t\t\t\t<div class=\"elementor-element elementor-element-4edebaf1 elementor-widget elementor-widget-heading\" data-id=\"4edebaf1\" data-element_type=\"widget\" data-widget_type=\"heading.default\">\n\t\t\t\t<div class=\"elementor-widget-container\">\n\t\t\t\t\t<h2 class=\"elementor-heading-title elementor-size-default\">Der Preis ...<\/h2>\t\t\t\t<\/div>\n\t\t\t\t<\/div>\n\t\t\t\t<div class=\"elementor-element elementor-element-507a71d8 elementor-widget elementor-widget-text-editor\" data-id=\"507a71d8\" data-element_type=\"widget\" data-widget_type=\"text-editor.default\">\n\t\t\t\t<div class=\"elementor-widget-container\">\n\t\t\t\t\t\t\t\t\t<p>Musikunterricht ist ein Investment. Das betrifft nicht nur das Geld, sondern auch einige Werte, die selten einbezogen werden, n\u00e4mlich kostbare Zeit und pers\u00f6nliches Engagement. Gerade hier relativiert sich aber die Geldfrage, wenn einmalige Jahre mit Ineffektivit\u00e4t vergehen und mit einem frustrierenden Ergebnis enden. Billiger kann teurer sein.<\/p><p>Haupthindernis f\u00fcr die Beurteilung ist die Tatsache, da\u00df zwei Seiten Verantwortung tragen: der Lehrer wird hoffentlich sein Bestes geben, ist aber auch auf eine gewisse Initiative und Eigenverantwortung des Lernenden angewiesen.<\/p><p>Deshalb gibt die Praxis den Ausschlag. Teste den Lehrer. Stimmt die Chemie? Kannst du seine Unterst\u00fctzung umsetzen? &#8230; dann wird der Erfolg automatisch wachsen. Sonst ist es zu teuer, unabh\u00e4ngig vom Preis, Gr\u00fcnde hin oder her.<\/p>\t\t\t\t\t\t\t\t<\/div>\n\t\t\t\t<\/div>\n\t\t\t\t\t<\/div>\n\t\t<\/div>\n\t\t\t\t<div class=\"elementor-column elementor-col-50 elementor-inner-column elementor-element elementor-element-2a7427cd\" data-id=\"2a7427cd\" data-element_type=\"column\">\n\t\t\t<div class=\"elementor-widget-wrap elementor-element-populated\">\n\t\t\t\t\t\t<div class=\"elementor-element elementor-element-592e8960 elementor-widget elementor-widget-image\" data-id=\"592e8960\" data-element_type=\"widget\" data-widget_type=\"image.default\">\n\t\t\t\t<div class=\"elementor-widget-container\">\n\t\t\t\t\t\t\t\t\t\t\t\t\t\t\t<img decoding=\"async\" width=\"150\" height=\"150\" src=\"https:\/\/www.musikunterricht-nienstedten.de\/wp-content\/uploads\/2019\/11\/pianokeys_w-150x150.jpg\" class=\"attachment-thumbnail size-thumbnail wp-image-1713\" alt=\"\" srcset=\"https:\/\/www.musikunterricht-nienstedten.de\/wp-content\/uploads\/2019\/11\/pianokeys_w-150x150.jpg 150w, https:\/\/www.musikunterricht-nienstedten.de\/wp-content\/uploads\/2019\/11\/pianokeys_w-300x300.jpg 300w, https:\/\/www.musikunterricht-nienstedten.de\/wp-content\/uploads\/2019\/11\/pianokeys_w-768x768.jpg 768w, https:\/\/www.musikunterricht-nienstedten.de\/wp-content\/uploads\/2019\/11\/pianokeys_w.jpg 900w\" sizes=\"(max-width: 150px) 100vw, 150px\" \/>\t\t\t\t\t\t\t\t\t\t\t\t\t\t\t<\/div>\n\t\t\t\t<\/div>\n\t\t\t\t<div class=\"elementor-element elementor-element-65728529 elementor-widget elementor-widget-heading\" data-id=\"65728529\" data-element_type=\"widget\" data-widget_type=\"heading.default\">\n\t\t\t\t<div class=\"elementor-widget-container\">\n\t\t\t\t\t<h2 class=\"elementor-heading-title elementor-size-default\">Welches instrument?<\/h2>\t\t\t\t<\/div>\n\t\t\t\t<\/div>\n\t\t\t\t<div class=\"elementor-element elementor-element-7f8c0b50 elementor-widget elementor-widget-text-editor\" data-id=\"7f8c0b50\" data-element_type=\"widget\" data-widget_type=\"text-editor.default\">\n\t\t\t\t<div class=\"elementor-widget-container\">\n\t\t\t\t\t\t\t\t\t<p>Erstens: Du brauchst ein eigenes Instrument (oder eines, das du immer benutzen kannst). Schlie\u00dflich willst und solltest du dich fast jeden Tag mit Deinem Hobby besch\u00e4ftigen.\u00a0 Zweitens: dein Instrument sollte von ausreichender Qualit\u00e4t sein. Ein Keyboard reicht nicht aus, um Klavier zu lernen.<\/p><p>\u00c4hnliches gilt auch f\u00fcr die Blockfl\u00f6te, allerdings kann man hier ein Instrument (Plastik) f\u00fcr den Preis eines durchschnittlichen Restaurantessens (20-30 \u20ac) schon recht lange Zeit spielen.\u00a0<\/p><p>F\u00fcr ein Stage-Piano (ohne Zubeh\u00f6r) in der gleichen Kategorie m\u00fc\u00dftest Du etwa 50 mal \u00f6fter auf das Restaurant verzichten, bei einem akustischen Instrument 200 mal. Im Falle eines Neukaufs ist daher eine gute, neutrale Beratung sehr zu empfehlen.<\/p>\t\t\t\t\t\t\t\t<\/div>\n\t\t\t\t<\/div>\n\t\t\t\t\t<\/div>\n\t\t<\/div>\n\t\t\t\t\t<\/div>\n\t\t<\/section>\n\t\t\t\t<section class=\"elementor-section elementor-inner-section elementor-element elementor-element-52240de8 elementor-section-boxed elementor-section-height-default elementor-section-height-default\" data-id=\"52240de8\" data-element_type=\"section\">\n\t\t\t\t\t\t<div class=\"elementor-container elementor-column-gap-default\">\n\t\t\t\t\t<div class=\"elementor-column elementor-col-50 elementor-inner-column elementor-element elementor-element-2e52d92d\" data-id=\"2e52d92d\" data-element_type=\"column\">\n\t\t\t<div class=\"elementor-widget-wrap elementor-element-populated\">\n\t\t\t\t\t\t<div class=\"elementor-element elementor-element-6bcec9eb elementor-widget elementor-widget-image\" data-id=\"6bcec9eb\" data-element_type=\"widget\" data-widget_type=\"image.default\">\n\t\t\t\t<div class=\"elementor-widget-container\">\n\t\t\t\t\t\t\t\t\t\t\t\t\t\t\t<img decoding=\"async\" width=\"150\" height=\"150\" src=\"https:\/\/www.musikunterricht-nienstedten.de\/wp-content\/uploads\/2019\/11\/radio_w-150x150.jpg\" class=\"attachment-thumbnail size-thumbnail wp-image-1715\" alt=\"\" srcset=\"https:\/\/www.musikunterricht-nienstedten.de\/wp-content\/uploads\/2019\/11\/radio_w-150x150.jpg 150w, https:\/\/www.musikunterricht-nienstedten.de\/wp-content\/uploads\/2019\/11\/radio_w-300x300.jpg 300w, https:\/\/www.musikunterricht-nienstedten.de\/wp-content\/uploads\/2019\/11\/radio_w-768x768.jpg 768w, https:\/\/www.musikunterricht-nienstedten.de\/wp-content\/uploads\/2019\/11\/radio_w.jpg 900w\" sizes=\"(max-width: 150px) 100vw, 150px\" \/>\t\t\t\t\t\t\t\t\t\t\t\t\t\t\t<\/div>\n\t\t\t\t<\/div>\n\t\t\t\t<div class=\"elementor-element elementor-element-4bfce728 elementor-widget elementor-widget-heading\" data-id=\"4bfce728\" data-element_type=\"widget\" data-widget_type=\"heading.default\">\n\t\t\t\t<div class=\"elementor-widget-container\">\n\t\t\t\t\t<h2 class=\"elementor-heading-title elementor-size-default\">Kann ich meine lieblinbssongs spielen?<\/h2>\t\t\t\t<\/div>\n\t\t\t\t<\/div>\n\t\t\t\t<div class=\"elementor-element elementor-element-1d391a6e elementor-widget elementor-widget-text-editor\" data-id=\"1d391a6e\" data-element_type=\"widget\" data-widget_type=\"text-editor.default\">\n\t\t\t\t<div class=\"elementor-widget-container\">\n\t\t\t\t\t\t\t\t\t<p>Diese Frage m\u00f6chte ich mit ja beantworten. Allerdings gibt es einige Einschr\u00e4nkungen, die nicht immer gerne geh\u00f6rt werden. <\/p><p>Erstens mu\u00df Dein Ausbildungsstand zu dem St\u00fcck oder der Bearbeitung passen.<\/p><p>Zweitens: nicht alle St\u00fccke sind f\u00fcr jedes Instrument geeignet, und es ist nicht sinnvoll, sich im Unterricht l\u00e4ngere Zeit mit schlechtem bzw. ungeeigneten musikalischen Material auseinanderzusetzen.<\/p><p>Drittens: mangelndes Engagement in der Vorbereitung des Unterrichts hat logischerweise Unlust zur Folge. Nun den Lehrer nach \u201cbesseren\u201d St\u00fccken zu fragen um endlich Spa\u00df zu haben, hat das urs\u00e4chliche Problem noch nie gel\u00f6st.<\/p>\t\t\t\t\t\t\t\t<\/div>\n\t\t\t\t<\/div>\n\t\t\t\t\t<\/div>\n\t\t<\/div>\n\t\t\t\t<div class=\"elementor-column elementor-col-50 elementor-inner-column elementor-element elementor-element-6344ce1\" data-id=\"6344ce1\" data-element_type=\"column\">\n\t\t\t<div class=\"elementor-widget-wrap elementor-element-populated\">\n\t\t\t\t\t\t<div class=\"elementor-element elementor-element-0dfe165 elementor-widget elementor-widget-image\" data-id=\"0dfe165\" data-element_type=\"widget\" data-widget_type=\"image.default\">\n\t\t\t\t<div class=\"elementor-widget-container\">\n\t\t\t\t\t\t\t\t\t\t\t\t\t\t\t<img loading=\"lazy\" decoding=\"async\" width=\"150\" height=\"150\" src=\"https:\/\/www.musikunterricht-nienstedten.de\/wp-content\/uploads\/2019\/12\/clock_w-150x150.jpg\" class=\"attachment-thumbnail size-thumbnail wp-image-2107\" alt=\"\" \/>\t\t\t\t\t\t\t\t\t\t\t\t\t\t\t<\/div>\n\t\t\t\t<\/div>\n\t\t\t\t<div class=\"elementor-element elementor-element-7fafedf elementor-widget elementor-widget-heading\" data-id=\"7fafedf\" data-element_type=\"widget\" data-widget_type=\"heading.default\">\n\t\t\t\t<div class=\"elementor-widget-container\">\n\t\t\t\t\t<h2 class=\"elementor-heading-title elementor-size-default\">Wie lang ist eine Unterrichtsstunde?<\/h2>\t\t\t\t<\/div>\n\t\t\t\t<\/div>\n\t\t\t\t<div class=\"elementor-element elementor-element-433ad32 elementor-widget elementor-widget-text-editor\" data-id=\"433ad32\" data-element_type=\"widget\" data-widget_type=\"text-editor.default\">\n\t\t\t\t<div class=\"elementor-widget-container\">\n\t\t\t\t\t\t\t\t\t<p>Die bew\u00e4hrte Standartl\u00e4nge einer Unterrichtsstunde sind 45 min. In dieser Zeit k\u00f6nnen die wichtigsten Themen normalerweise ausreichend besprochen und gemeinsam ge\u00fcbt werden.<\/p><p>Von diesem Durchschnitt gibt es in meiner Praxis nur wenige Abweichungen. Meistens betreffen sie Kinder, die sich noch nicht die ganz Zeitspanne konzentrieren k\u00f6nnen.<\/p><p>Abweichungen nach oben haben sich vor allem bew\u00e4hrt, wenn sehr viel Stoff abzuarbeiten ist. Dies ist der Fall, wenn viel ge\u00fcbt wird, also z.B.\u00a0 ein professionelles Niveau erreicht ist und anspruchsvolle Ziele angestrebt werden.<\/p>\t\t\t\t\t\t\t\t<\/div>\n\t\t\t\t<\/div>\n\t\t\t\t\t<\/div>\n\t\t<\/div>\n\t\t\t\t\t<\/div>\n\t\t<\/section>\n\t\t\t\t\t<\/div>\n\t\t<\/div>\n\t\t\t\t\t<\/div>\n\t\t<\/section>\n\t\t\t\t<\/div>\n\t\t","protected":false},"excerpt":{"rendered":"<p>Bedingungen \u00dcberblick Mein Unterricht richtet sich an Kinder und Erwachsene. Die Erfahrung zeigt, dass der Schulanfang f\u00fcr Kinder ein gutes Anfangsalter ist, in einigen F\u00e4llen etwas fr\u00fcher. F\u00fcr Erwachsene gibt es keine festen Regeln. Die Liebe zum Thema und eine vertrauensvolle Kommunikation w\u00e4hrend des Unterrichts sind entscheidend. Das gilt auch f\u00fcr Kinder. Unter normalen Umst\u00e4nden [&hellip;]<\/p>\n","protected":false},"author":1,"featured_media":0,"parent":0,"menu_order":0,"comment_status":"closed","ping_status":"closed","template":"","meta":{"site-sidebar-layout":"no-sidebar","site-content-layout":"page-builder","ast-site-content-layout":"default","site-content-style":"default","site-sidebar-style":"default","ast-global-header-display":"","ast-banner-title-visibility":"","ast-main-header-display":"","ast-hfb-above-header-display":"","ast-hfb-below-header-display":"","ast-hfb-mobile-header-display":"","site-post-title":"disabled","ast-breadcrumbs-content":"disabled","ast-featured-img":"disabled","footer-sml-layout":"","theme-transparent-header-meta":"enabled","adv-header-id-meta":"","stick-header-meta":"","header-above-stick-meta":"","header-main-stick-meta":"","header-below-stick-meta":"","astra-migrate-meta-layouts":"default","ast-page-background-enabled":"default","ast-page-background-meta":{"desktop":{"background-color":"","background-image":"","background-repeat":"repeat","background-position":"center center","background-size":"auto","background-attachment":"scroll","background-type":"","background-media":"","overlay-type":"","overlay-color":"","overlay-opacity":"","overlay-gradient":""},"tablet":{"background-color":"","background-image":"","background-repeat":"repeat","background-position":"center center","background-size":"auto","background-attachment":"scroll","background-type":"","background-media":"","overlay-type":"","overlay-color":"","overlay-opacity":"","overlay-gradient":""},"mobile":{"background-color":"","background-image":"","background-repeat":"repeat","background-position":"center center","background-size":"auto","background-attachment":"scroll","background-type":"","background-media":"","overlay-type":"","overlay-color":"","overlay-opacity":"","overlay-gradient":""}},"ast-content-background-meta":{"desktop":{"background-color":"var(--ast-global-color-5)","background-image":"","background-repeat":"repeat","background-position":"center center","background-size":"auto","background-attachment":"scroll","background-type":"","background-media":"","overlay-type":"","overlay-color":"","overlay-opacity":"","overlay-gradient":""},"tablet":{"background-color":"var(--ast-global-color-5)","background-image":"","background-repeat":"repeat","background-position":"center center","background-size":"auto","background-attachment":"scroll","background-type":"","background-media":"","overlay-type":"","overlay-color":"","overlay-opacity":"","overlay-gradient":""},"mobile":{"background-color":"var(--ast-global-color-5)","background-image":"","background-repeat":"repeat","background-position":"center center","background-size":"auto","background-attachment":"scroll","background-type":"","background-media":"","overlay-type":"","overlay-color":"","overlay-opacity":"","overlay-gradient":""}},"footnotes":""},"class_list":["post-1719","page","type-page","status-publish","hentry"],"_links":{"self":[{"href":"https:\/\/www.musikunterricht-nienstedten.de\/index.php?rest_route=\/wp\/v2\/pages\/1719","targetHints":{"allow":["GET"]}}],"collection":[{"href":"https:\/\/www.musikunterricht-nienstedten.de\/index.php?rest_route=\/wp\/v2\/pages"}],"about":[{"href":"https:\/\/www.musikunterricht-nienstedten.de\/index.php?rest_route=\/wp\/v2\/types\/page"}],"author":[{"embeddable":true,"href":"https:\/\/www.musikunterricht-nienstedten.de\/index.php?rest_route=\/wp\/v2\/users\/1"}],"replies":[{"embeddable":true,"href":"https:\/\/www.musikunterricht-nienstedten.de\/index.php?rest_route=%2Fwp%2Fv2%2Fcomments&post=1719"}],"version-history":[{"count":10,"href":"https:\/\/www.musikunterricht-nienstedten.de\/index.php?rest_route=\/wp\/v2\/pages\/1719\/revisions"}],"predecessor-version":[{"id":2222,"href":"https:\/\/www.musikunterricht-nienstedten.de\/index.php?rest_route=\/wp\/v2\/pages\/1719\/revisions\/2222"}],"wp:attachment":[{"href":"https:\/\/www.musikunterricht-nienstedten.de\/index.php?rest_route=%2Fwp%2Fv2%2Fmedia&parent=1719"}],"curies":[{"name":"wp","href":"https:\/\/api.w.org\/{rel}","templated":true}]}}